{"id":1402,"date":"2024-07-16T23:34:19","date_gmt":"2024-07-16T23:34:19","guid":{"rendered":"http:\/\/dorigensv.com\/contact\/"},"modified":"2024-08-09T01:44:58","modified_gmt":"2024-08-09T01:44:58","slug":"cic-el-salvador","status":"publish","type":"page","link":"https:\/\/dorigensv.com\/en\/cic-el-salvador\/","title":{"rendered":"CIC EL Salvador"},"content":{"rendered":"<div data-elementor-type=\"wp-page\" data-elementor-id=\"1402\" class=\"elementor elementor-1402\" data-elementor-post-type=\"page\">\n\t\t\t\t<div class=\"elementor-element elementor-element-2d24fda e-flex e-con-boxed e-con e-parent\" data-id=\"2d24fda\" data-element_type=\"container\" data-e-type=\"container\">\n\t\t\t\t\t<div class=\"e-con-inner\">\n\t\t\t\t<div class=\"elementor-element elementor-element-5dd0ebe elementor-widget elementor-widget-spacer\" data-id=\"5dd0ebe\" data-element_type=\"widget\" data-e-type=\"widget\" data-widget_type=\"spacer.default\">\n\t\t\t\t<div class=\"elementor-widget-container\">\n\t\t\t\t\t\t\t<div class=\"elementor-spacer\">\n\t\t\t<div class=\"elementor-spacer-inner\"><\/div>\n\t\t<\/div>\n\t\t\t\t\t\t<\/div>\n\t\t\t\t<\/div>\n\t\t\t\t<div class=\"elementor-element elementor-element-96338cd elementor-widget elementor-widget-image\" data-id=\"96338cd\" data-element_type=\"widget\" data-e-type=\"widget\" data-widget_type=\"image.default\">\n\t\t\t\t<div class=\"elementor-widget-container\">\n\t\t\t\t\t\t\t\t\t\t\t\t\t\t\t<img fetchpriority=\"high\" decoding=\"async\" width=\"800\" height=\"176\" src=\"https:\/\/dorigensv.com\/wp-content\/uploads\/2024\/07\/logo-CIC-El-Salvador-1024x225.png\" class=\"attachment-large size-large wp-image-2204\" alt=\"\" srcset=\"https:\/\/dorigensv.com\/wp-content\/uploads\/2024\/07\/logo-CIC-El-Salvador-1024x225.png 1024w, https:\/\/dorigensv.com\/wp-content\/uploads\/2024\/07\/logo-CIC-El-Salvador-300x66.png 300w, https:\/\/dorigensv.com\/wp-content\/uploads\/2024\/07\/logo-CIC-El-Salvador-768x169.png 768w, https:\/\/dorigensv.com\/wp-content\/uploads\/2024\/07\/logo-CIC-El-Salvador-1536x338.png 1536w, https:\/\/dorigensv.com\/wp-content\/uploads\/2024\/07\/logo-CIC-El-Salvador-18x4.png 18w, https:\/\/dorigensv.com\/wp-content\/uploads\/2024\/07\/logo-CIC-El-Salvador.png 1920w\" sizes=\"(max-width: 800px) 100vw, 800px\" \/>\t\t\t\t\t\t\t\t\t\t\t\t\t\t\t<\/div>\n\t\t\t\t<\/div>\n\t\t\t\t<div class=\"elementor-element elementor-element-0add386 elementor-widget elementor-widget-spacer\" data-id=\"0add386\" data-element_type=\"widget\" data-e-type=\"widget\" data-widget_type=\"spacer.default\">\n\t\t\t\t<div class=\"elementor-widget-container\">\n\t\t\t\t\t\t\t<div class=\"elementor-spacer\">\n\t\t\t<div class=\"elementor-spacer-inner\"><\/div>\n\t\t<\/div>\n\t\t\t\t\t\t<\/div>\n\t\t\t\t<\/div>\n\t\t\t\t\t<\/div>\n\t\t\t\t<\/div>\n\t\t<div class=\"elementor-element elementor-element-3b76351 e-grid e-con-boxed e-con e-parent\" data-id=\"3b76351\" data-element_type=\"container\" data-e-type=\"container\">\n\t\t\t\t\t<div class=\"e-con-inner\">\n\t\t\t\t<div class=\"elementor-element elementor-element-458687d elementor-widget__width-inherit elementor-widget elementor-widget-image\" data-id=\"458687d\" data-element_type=\"widget\" data-e-type=\"widget\" data-widget_type=\"image.default\">\n\t\t\t\t<div class=\"elementor-widget-container\">\n\t\t\t\t\t\t\t\t\t\t\t\t\t\t\t<img decoding=\"async\" width=\"358\" height=\"667\" src=\"https:\/\/dorigensv.com\/wp-content\/uploads\/2024\/07\/Imagen-de-WhatsApp-2024-07-27-a-las-10.55.55_8e0bce3c.png\" class=\"attachment-large size-large wp-image-2212\" alt=\"\" srcset=\"https:\/\/dorigensv.com\/wp-content\/uploads\/2024\/07\/Imagen-de-WhatsApp-2024-07-27-a-las-10.55.55_8e0bce3c.png 358w, https:\/\/dorigensv.com\/wp-content\/uploads\/2024\/07\/Imagen-de-WhatsApp-2024-07-27-a-las-10.55.55_8e0bce3c-161x300.png 161w, https:\/\/dorigensv.com\/wp-content\/uploads\/2024\/07\/Imagen-de-WhatsApp-2024-07-27-a-las-10.55.55_8e0bce3c-6x12.png 6w\" sizes=\"(max-width: 358px) 100vw, 358px\" \/>\t\t\t\t\t\t\t\t\t\t\t\t\t\t\t<\/div>\n\t\t\t\t<\/div>\n\t\t\t\t<div class=\"elementor-element elementor-element-ff819cd elementor-widget__width-inherit elementor-widget elementor-widget-text-editor\" data-id=\"ff819cd\" data-element_type=\"widget\" data-e-type=\"widget\" data-widget_type=\"text-editor.default\">\n\t\t\t\t<div class=\"elementor-widget-container\">\n\t\t\t\t\t\t\t\t\t<p style=\"text-align: center;\"><strong>CIC EL SALVADOR S.A.S DE C.V.<\/strong><\/p><p style=\"text-align: center;\">es una Sociedad An\u00f3nima que busca crear desarrollo sostenible en regiones del pa\u00eds EL SALVADOR, a trav\u00e9s de la creaci\u00f3n de empresas e inversiones en diferentes sectores de la econom\u00eda nacional.<\/p><p style=\"text-align: center;\">Actualmente cuenta con inversiones y negocios principalmente en el Sector del Turismo y Comercio a trav\u00e9s de las empresas y marcas,<\/p><p style=\"text-align: center;\">\u00a0<\/p><p style=\"text-align: center;\"><strong>D\u00b4ORIGEN:<\/strong><\/p><p style=\"text-align: center;\"><strong>D\u00b4ORIGEN Travel:<\/strong> Venta de Circuitos Tur\u00edsticos por todo el pa\u00eds enfocados en Turismo Rural y Agroturismo.<\/p><p style=\"text-align: center;\"><strong>D\u00b4ORIGEN House:<\/strong> Alojamientos agradables, semi privados y familiares. Estilos Airbnb y Casas de Alojamientos.<\/p><p style=\"text-align: center;\"><strong>D\u00b4ORIGEN Store\/Shop:<\/strong> Comercializadora de Productos Nacionales con alto valor, calidad y artesanal de diferentes emprendedores de El Salvador.<\/p><p style=\"text-align: center;\"><strong>RA\u00cdCES De Vuelta al Origen:<\/strong> Empresa de Bienes &amp; Ra\u00edces (REAL ESTATE). Con la misi\u00f3n de tener las mejores opciones en propiedades en venta dentro del territorio nacional a nuestros hermanos Salvadore\u00f1os en el extranjero que desean invertir o retornar a su tierra. \u00a1De Vuelta al Origen!<\/p><p style=\"text-align: center;\"><strong>CIC EL SALVADOR S.A.S. DE C.V.;<\/strong> Centros de Intercambio de Conocimientos El Salvador Sociedad por Acciones Simplificadas de Capital Variable.<\/p>\t\t\t\t\t\t\t\t<\/div>\n\t\t\t\t<\/div>\n\t\t\t\t\t<\/div>\n\t\t\t\t<\/div>\n\t\t\t\t<\/div>","protected":false},"excerpt":{"rendered":"<p>CIC EL SALVADOR S.A.S DE C.V. es una Sociedad An\u00f3nima que busca crear desarrollo sostenible en regiones del pa\u00eds EL SALVADOR, a trav\u00e9s de la creaci\u00f3n de empresas e inversiones en diferentes sectores de la econom\u00eda nacional. Actualmente cuenta con inversiones y negocios principalmente en el Sector del Turismo y Comercio a trav\u00e9s de las [&hellip;]<\/p>\n","protected":false},"author":1,"featured_media":0,"parent":0,"menu_order":0,"comment_status":"closed","ping_status":"closed","template":"","meta":{"_uag_custom_page_level_css":"","footnotes":""},"class_list":["post-1402","page","type-page","status-publish","hentry"],"yoast_head":"<!-- This site is optimized with the Yoast SEO plugin v27.1.1 - https:\/\/yoast.com\/product\/yoast-seo-wordpress\/ -->\n<title>CIC EL Salvador - dorigensv.com<\/title>\n<meta name=\"robots\" content=\"index, follow, max-snippet:-1, max-image-preview:large, max-video-preview:-1\" \/>\n<link rel=\"canonical\" href=\"https:\/\/dorigensv.com\/en\/cic-el-salvador\/\" \/>\n<meta property=\"og:locale\" content=\"en_US\" \/>\n<meta property=\"og:type\" content=\"article\" \/>\n<meta property=\"og:title\" content=\"CIC EL Salvador - dorigensv.com\" \/>\n<meta property=\"og:description\" content=\"CIC EL SALVADOR S.A.S DE C.V. es una Sociedad An\u00f3nima que busca crear desarrollo sostenible en regiones del pa\u00eds EL SALVADOR, a trav\u00e9s de la creaci\u00f3n de empresas e inversiones en diferentes sectores de la econom\u00eda nacional. Actualmente cuenta con inversiones y negocios principalmente en el Sector del Turismo y Comercio a trav\u00e9s de las [&hellip;]\" \/>\n<meta property=\"og:url\" content=\"https:\/\/dorigensv.com\/en\/cic-el-salvador\/\" \/>\n<meta property=\"og:site_name\" content=\"dorigensv.com\" \/>\n<meta property=\"article:modified_time\" content=\"2024-08-09T01:44:58+00:00\" \/>\n<meta property=\"og:image\" content=\"https:\/\/dorigensv.com\/wp-content\/uploads\/2024\/07\/logo-CIC-El-Salvador-1024x225.png\" \/>\n<meta name=\"twitter:card\" content=\"summary_large_image\" \/>\n<meta name=\"twitter:label1\" content=\"Est. reading time\" \/>\n\t<meta name=\"twitter:data1\" content=\"2 minutes\" \/>\n<script type=\"application\/ld+json\" class=\"yoast-schema-graph\">{\"@context\":\"https:\/\/schema.org\",\"@graph\":[{\"@type\":\"WebPage\",\"@id\":\"https:\/\/dorigensv.com\/cic-el-salvador\/\",\"url\":\"https:\/\/dorigensv.com\/cic-el-salvador\/\",\"name\":\"CIC EL Salvador - dorigensv.com\",\"isPartOf\":{\"@id\":\"https:\/\/dorigensv.com\/#website\"},\"primaryImageOfPage\":{\"@id\":\"https:\/\/dorigensv.com\/cic-el-salvador\/#primaryimage\"},\"image\":{\"@id\":\"https:\/\/dorigensv.com\/cic-el-salvador\/#primaryimage\"},\"thumbnailUrl\":\"https:\/\/dorigensv.com\/wp-content\/uploads\/2024\/07\/logo-CIC-El-Salvador-1024x225.png\",\"datePublished\":\"2024-07-16T23:34:19+00:00\",\"dateModified\":\"2024-08-09T01:44:58+00:00\",\"breadcrumb\":{\"@id\":\"https:\/\/dorigensv.com\/cic-el-salvador\/#breadcrumb\"},\"inLanguage\":\"en-US\",\"potentialAction\":[{\"@type\":\"ReadAction\",\"target\":[\"https:\/\/dorigensv.com\/cic-el-salvador\/\"]}]},{\"@type\":\"ImageObject\",\"inLanguage\":\"en-US\",\"@id\":\"https:\/\/dorigensv.com\/cic-el-salvador\/#primaryimage\",\"url\":\"https:\/\/dorigensv.com\/wp-content\/uploads\/2024\/07\/logo-CIC-El-Salvador-1024x225.png\",\"contentUrl\":\"https:\/\/dorigensv.com\/wp-content\/uploads\/2024\/07\/logo-CIC-El-Salvador-1024x225.png\"},{\"@type\":\"BreadcrumbList\",\"@id\":\"https:\/\/dorigensv.com\/cic-el-salvador\/#breadcrumb\",\"itemListElement\":[{\"@type\":\"ListItem\",\"position\":1,\"name\":\"Inicio\",\"item\":\"https:\/\/dorigensv.com\/\"},{\"@type\":\"ListItem\",\"position\":2,\"name\":\"CIC EL Salvador\"}]},{\"@type\":\"WebSite\",\"@id\":\"https:\/\/dorigensv.com\/#website\",\"url\":\"https:\/\/dorigensv.com\/\",\"name\":\"dorigensv.com\",\"description\":\"\",\"publisher\":{\"@id\":\"https:\/\/dorigensv.com\/#organization\"},\"potentialAction\":[{\"@type\":\"SearchAction\",\"target\":{\"@type\":\"EntryPoint\",\"urlTemplate\":\"https:\/\/dorigensv.com\/?s={search_term_string}\"},\"query-input\":{\"@type\":\"PropertyValueSpecification\",\"valueRequired\":true,\"valueName\":\"search_term_string\"}}],\"inLanguage\":\"en-US\"},{\"@type\":\"Organization\",\"@id\":\"https:\/\/dorigensv.com\/#organization\",\"name\":\"dorigensv.com\",\"url\":\"https:\/\/dorigensv.com\/\",\"logo\":{\"@type\":\"ImageObject\",\"inLanguage\":\"en-US\",\"@id\":\"https:\/\/dorigensv.com\/#\/schema\/logo\/image\/\",\"url\":\"https:\/\/dorigensv.com\/wp-content\/uploads\/2024\/07\/Capa-2-1.png\",\"contentUrl\":\"https:\/\/dorigensv.com\/wp-content\/uploads\/2024\/07\/Capa-2-1.png\",\"width\":358,\"height\":103,\"caption\":\"dorigensv.com\"},\"image\":{\"@id\":\"https:\/\/dorigensv.com\/#\/schema\/logo\/image\/\"}}]}<\/script>\n<!-- \/ Yoast SEO plugin. -->","yoast_head_json":{"title":"CIC EL Salvador - dorigensv.com","robots":{"index":"index","follow":"follow","max-snippet":"max-snippet:-1","max-image-preview":"max-image-preview:large","max-video-preview":"max-video-preview:-1"},"canonical":"https:\/\/dorigensv.com\/en\/cic-el-salvador\/","og_locale":"en_US","og_type":"article","og_title":"CIC EL Salvador - dorigensv.com","og_description":"CIC EL SALVADOR S.A.S DE C.V. es una Sociedad An\u00f3nima que busca crear desarrollo sostenible en regiones del pa\u00eds EL SALVADOR, a trav\u00e9s de la creaci\u00f3n de empresas e inversiones en diferentes sectores de la econom\u00eda nacional. Actualmente cuenta con inversiones y negocios principalmente en el Sector del Turismo y Comercio a trav\u00e9s de las [&hellip;]","og_url":"https:\/\/dorigensv.com\/en\/cic-el-salvador\/","og_site_name":"dorigensv.com","article_modified_time":"2024-08-09T01:44:58+00:00","og_image":[{"url":"https:\/\/dorigensv.com\/wp-content\/uploads\/2024\/07\/logo-CIC-El-Salvador-1024x225.png","type":"","width":"","height":""}],"twitter_card":"summary_large_image","twitter_misc":{"Est. reading time":"2 minutes"},"schema":{"@context":"https:\/\/schema.org","@graph":[{"@type":"WebPage","@id":"https:\/\/dorigensv.com\/cic-el-salvador\/","url":"https:\/\/dorigensv.com\/cic-el-salvador\/","name":"CIC EL Salvador - dorigensv.com","isPartOf":{"@id":"https:\/\/dorigensv.com\/#website"},"primaryImageOfPage":{"@id":"https:\/\/dorigensv.com\/cic-el-salvador\/#primaryimage"},"image":{"@id":"https:\/\/dorigensv.com\/cic-el-salvador\/#primaryimage"},"thumbnailUrl":"https:\/\/dorigensv.com\/wp-content\/uploads\/2024\/07\/logo-CIC-El-Salvador-1024x225.png","datePublished":"2024-07-16T23:34:19+00:00","dateModified":"2024-08-09T01:44:58+00:00","breadcrumb":{"@id":"https:\/\/dorigensv.com\/cic-el-salvador\/#breadcrumb"},"inLanguage":"en-US","potentialAction":[{"@type":"ReadAction","target":["https:\/\/dorigensv.com\/cic-el-salvador\/"]}]},{"@type":"ImageObject","inLanguage":"en-US","@id":"https:\/\/dorigensv.com\/cic-el-salvador\/#primaryimage","url":"https:\/\/dorigensv.com\/wp-content\/uploads\/2024\/07\/logo-CIC-El-Salvador-1024x225.png","contentUrl":"https:\/\/dorigensv.com\/wp-content\/uploads\/2024\/07\/logo-CIC-El-Salvador-1024x225.png"},{"@type":"BreadcrumbList","@id":"https:\/\/dorigensv.com\/cic-el-salvador\/#breadcrumb","itemListElement":[{"@type":"ListItem","position":1,"name":"Inicio","item":"https:\/\/dorigensv.com\/"},{"@type":"ListItem","position":2,"name":"CIC EL Salvador"}]},{"@type":"WebSite","@id":"https:\/\/dorigensv.com\/#website","url":"https:\/\/dorigensv.com\/","name":"dorigensv.com","description":"","publisher":{"@id":"https:\/\/dorigensv.com\/#organization"},"potentialAction":[{"@type":"SearchAction","target":{"@type":"EntryPoint","urlTemplate":"https:\/\/dorigensv.com\/?s={search_term_string}"},"query-input":{"@type":"PropertyValueSpecification","valueRequired":true,"valueName":"search_term_string"}}],"inLanguage":"en-US"},{"@type":"Organization","@id":"https:\/\/dorigensv.com\/#organization","name":"dorigensv.com","url":"https:\/\/dorigensv.com\/","logo":{"@type":"ImageObject","inLanguage":"en-US","@id":"https:\/\/dorigensv.com\/#\/schema\/logo\/image\/","url":"https:\/\/dorigensv.com\/wp-content\/uploads\/2024\/07\/Capa-2-1.png","contentUrl":"https:\/\/dorigensv.com\/wp-content\/uploads\/2024\/07\/Capa-2-1.png","width":358,"height":103,"caption":"dorigensv.com"},"image":{"@id":"https:\/\/dorigensv.com\/#\/schema\/logo\/image\/"}}]}},"uagb_featured_image_src":{"full":false,"thumbnail":false,"medium":false,"medium_large":false,"large":false,"1536x1536":false,"2048x2048":false,"trp-custom-language-flag":false},"uagb_author_info":{"display_name":"wordpress@hexagt.com","author_link":"https:\/\/dorigensv.com\/en\/author\/wordpresshexagt-com\/"},"uagb_comment_info":0,"uagb_excerpt":"CIC EL SALVADOR S.A.S DE C.V. es una Sociedad An\u00f3nima que busca crear desarrollo sostenible en regiones del pa\u00eds EL SALVADOR, a trav\u00e9s de la creaci\u00f3n de empresas e inversiones en diferentes sectores de la econom\u00eda nacional. Actualmente cuenta con inversiones y negocios principalmente en el Sector del Turismo y Comercio a trav\u00e9s de las&hellip;","_links":{"self":[{"href":"https:\/\/dorigensv.com\/en\/wp-json\/wp\/v2\/pages\/1402","targetHints":{"allow":["GET"]}}],"collection":[{"href":"https:\/\/dorigensv.com\/en\/wp-json\/wp\/v2\/pages"}],"about":[{"href":"https:\/\/dorigensv.com\/en\/wp-json\/wp\/v2\/types\/page"}],"author":[{"embeddable":true,"href":"https:\/\/dorigensv.com\/en\/wp-json\/wp\/v2\/users\/1"}],"replies":[{"embeddable":true,"href":"https:\/\/dorigensv.com\/en\/wp-json\/wp\/v2\/comments?post=1402"}],"version-history":[{"count":25,"href":"https:\/\/dorigensv.com\/en\/wp-json\/wp\/v2\/pages\/1402\/revisions"}],"predecessor-version":[{"id":2240,"href":"https:\/\/dorigensv.com\/en\/wp-json\/wp\/v2\/pages\/1402\/revisions\/2240"}],"wp:attachment":[{"href":"https:\/\/dorigensv.com\/en\/wp-json\/wp\/v2\/media?parent=1402"}],"curies":[{"name":"wp","href":"https:\/\/api.w.org\/{rel}","templated":true}]}}